{"id":11161,"date":"2026-04-13T12:49:42","date_gmt":"2026-04-13T10:49:42","guid":{"rendered":"https:\/\/alufinish.de\/?page_id=11161"},"modified":"2026-04-13T12:51:26","modified_gmt":"2026-04-13T10:51:26","slug":"newsletter","status":"publish","type":"page","link":"https:\/\/alufinish.de\/en\/newsletter\/","title":{"rendered":"Newsletter"},"content":{"rendered":"<p><!-- Begin Brevo Form --><!-- START - We recommend to place the below code in head tag of your website html  --><!--  END - We recommend to place the above code in head tag of your website html --><!-- START - We recommend to place the below code where you want the form in your website html  -->                                              <span>                          We were unable to save your registration. Please try again.                      <\/span>                                                          <span>                          We have received your registration: please check your inbox and confirm your email address.                      <\/span>                                                      <\/p>\n<p>Build to inform: Alufinish Newsletter<\/p>\n<p><\/p>\n<p>                                                                                          EMail                                                                                                                          Gib bitte deine E-Mail-Adresse f\u00fcr die Anmeldung an, z. B. &#x61;&#x62;&#x63;&#64;&#120;yz&#x2e;&#x63;&#x6f;&#x6d;.                                                                                                        First name                                                                                                                          Passe diesen optionalen Hilfetext an, bevor du dein Formular ver\u00f6ffentlichen.                                                                                                        Last name                                                                                                                          Passe diesen optionalen Hilfetext an, bevor du dein Formular ver\u00f6ffentlichen.                                                                                                        Company                                                                                                                          Passe diesen optionalen Hilfetext an, bevor du dein Formular ver\u00f6ffentlichen.                                                                                                                                                                  <span style=\"margin-left:\"><\/span><span style=\"font-size:14px; text-align:left; font-family:Helvetica, sans-serif; color:#3C4858; background-color:transparent;\"><\/p>\n<p>I would like to subscribe to your newsletter and accept the privacy policy.<\/p>\n<p><\/span>                                                                                         You can unsubscribe from the newsletter at any time by clicking the link in our newsletter.                                                                                                                                                                                                                                                                                <\/p>\n<p>We use Brevo as our marketing platform. By submitting this form, you agree that the personal information you provide will be transferred to Brevo for processing in accordance with <a href=\"https:\/\/www.brevo.com\/de\/legal\/privacypolicy\/\" target=\"_blank\">Brevo\u2019s privacy policy<\/a>.<\/p>\n<p>                                                                                                                      Submit                                                          <!-- END - We recommend to place the above code where you want the form in your website html  --><!-- START - We recommend to place the below code in footer or bottom of your website html  -->[tcb-script]  window.REQUIRED_CODE_ERROR_MESSAGE = &#8216;W\u00e4hle bitte einen L\u00e4ndervorwahl aus.&#8217;;  window.LOCALE = &#8216;de&#8217;;  window.EMAIL_INVALID_MESSAGE = window.SMS_INVALID_MESSAGE = &#8220;The information you have entered is invalid. Please check the field format and try again.&#8221;;  window.REQUIRED_ERROR_MESSAGE = &#8220;This field must not be left blank. &#8220;;  window.GENERIC_INVALID_MESSAGE = &#8220;The information you have entered is invalid. Please check the field format and try again.&#8221;;  window.translation = {    common: {      selectedList: &#8216;{quantity} Liste ausgew\u00e4hlt&#8217;,      selectedLists: &#8216;{quantity} Listen ausgew\u00e4hlt&#8217;,      selectedOption: &#8216;{quantity} ausgew\u00e4hlt&#8217;,      selectedOptions: &#8216;{quantity} ausgew\u00e4hlt&#8217;,    }  };  var AUTOHIDE = Boolean(0);[\/tcb-script][tcb-script defer=&#8221;&#8221; src=&#8221;https:\/\/sibforms.com\/forms\/end-form\/build\/main.js&#8221;][\/tcb-script]<!-- END - We recommend to place the above code in footer or bottom of your website html  --><!-- End Brevo Form --><\/p>\n","protected":false},"excerpt":{"rendered":"<p>We were unable to save your registration. Please try again. We have received your registration: please check your inbox and confirm your email address. Build to inform: Alufinish Newsletter EMail Gib bitte deine E-Mail-Adresse f\u00fcr die Anmeldung an, z. B. &#97;&#98;&#x63;&#64;&#120;&#x79;&#x7a;&#46;&#99;&#x6f;&#x6d;. First name Passe diesen optionalen Hilfetext an, bevor du dein Formular ver\u00f6ffentlichen. Last name [&hellip;]<\/p>\n","protected":false},"author":10,"featured_media":0,"parent":0,"menu_order":0,"comment_status":"closed","ping_status":"closed","template":"","meta":{"footnotes":""},"class_list":["post-11161","page","type-page","status-publish","hentry","post-wrapper","thrv_wrapper"],"yoast_head":"<!-- This site is optimized with the Yoast SEO plugin v27.3 - https:\/\/yoast.com\/product\/yoast-seo-wordpress\/ -->\n<title>Newsletter - Alufinish<\/title>\n<meta name=\"description\" content=\"Alufinish GmbH &amp; Co.KG - Andernach - Oberfl\u00e4chenveredelung auf h\u00f6chstem Niveau\" \/>\n<meta name=\"robots\" content=\"index, follow, max-snippet:-1, max-image-preview:large, max-video-preview:-1\" \/>\n<link rel=\"canonical\" href=\"https:\/\/alufinish.de\/en\/newsletter\/\" \/>\n<meta property=\"og:locale\" content=\"en_US\" \/>\n<meta property=\"og:type\" content=\"article\" \/>\n<meta property=\"og:title\" content=\"Newsletter - Alufinish\" \/>\n<meta property=\"og:description\" content=\"Alufinish GmbH &amp; Co.KG - Andernach - Oberfl\u00e4chenveredelung auf h\u00f6chstem Niveau\" \/>\n<meta property=\"og:url\" content=\"https:\/\/alufinish.de\/en\/newsletter\/\" \/>\n<meta property=\"og:site_name\" content=\"Alufinish\" \/>\n<meta property=\"article:modified_time\" content=\"2026-04-13T10:51:26+00:00\" \/>\n<meta name=\"twitter:card\" content=\"summary_large_image\" \/>\n<meta name=\"twitter:label1\" content=\"Est. reading time\" \/>\n\t<meta name=\"twitter:data1\" content=\"1 minute\" \/>\n<script type=\"application\/ld+json\" class=\"yoast-schema-graph\">{\"@context\":\"https:\\\/\\\/schema.org\",\"@graph\":[{\"@type\":\"WebPage\",\"@id\":\"https:\\\/\\\/alufinish.de\\\/en\\\/newsletter\\\/\",\"url\":\"https:\\\/\\\/alufinish.de\\\/en\\\/newsletter\\\/\",\"name\":\"Newsletter - Alufinish\",\"isPartOf\":{\"@id\":\"https:\\\/\\\/alufinish.de\\\/#website\"},\"datePublished\":\"2026-04-13T10:49:42+00:00\",\"dateModified\":\"2026-04-13T10:51:26+00:00\",\"description\":\"Alufinish GmbH & Co.KG - Andernach - Oberfl\u00e4chenveredelung auf h\u00f6chstem Niveau\",\"breadcrumb\":{\"@id\":\"https:\\\/\\\/alufinish.de\\\/en\\\/newsletter\\\/#breadcrumb\"},\"inLanguage\":\"en-US\",\"potentialAction\":[{\"@type\":\"ReadAction\",\"target\":[\"https:\\\/\\\/alufinish.de\\\/en\\\/newsletter\\\/\"]}]},{\"@type\":\"BreadcrumbList\",\"@id\":\"https:\\\/\\\/alufinish.de\\\/en\\\/newsletter\\\/#breadcrumb\",\"itemListElement\":[{\"@type\":\"ListItem\",\"position\":1,\"name\":\"Home\",\"item\":\"https:\\\/\\\/alufinish.de\\\/\"},{\"@type\":\"ListItem\",\"position\":2,\"name\":\"Newsletter\"}]},{\"@type\":\"WebSite\",\"@id\":\"https:\\\/\\\/alufinish.de\\\/#website\",\"url\":\"https:\\\/\\\/alufinish.de\\\/\",\"name\":\"Alufinish GmbH &amp; Co.KG\",\"description\":\"Bauen auf Vertrauen - Build on trust\",\"publisher\":{\"@id\":\"https:\\\/\\\/alufinish.de\\\/#organization\"},\"potentialAction\":[{\"@type\":\"SearchAction\",\"target\":{\"@type\":\"EntryPoint\",\"urlTemplate\":\"https:\\\/\\\/alufinish.de\\\/?s={search_term_string}\"},\"query-input\":{\"@type\":\"PropertyValueSpecification\",\"valueRequired\":true,\"valueName\":\"search_term_string\"}}],\"inLanguage\":\"en-US\"},{\"@type\":\"Organization\",\"@id\":\"https:\\\/\\\/alufinish.de\\\/#organization\",\"name\":\"Alufinish GmbH & Co. KG\",\"url\":\"https:\\\/\\\/alufinish.de\\\/\",\"logo\":{\"@type\":\"ImageObject\",\"inLanguage\":\"en-US\",\"@id\":\"https:\\\/\\\/alufinish.de\\\/#\\\/schema\\\/logo\\\/image\\\/\",\"url\":\"https:\\\/\\\/alufinish.de\\\/wp-content\\\/uploads\\\/2017\\\/04\\\/Alufinish-logo-small.png\",\"contentUrl\":\"https:\\\/\\\/alufinish.de\\\/wp-content\\\/uploads\\\/2017\\\/04\\\/Alufinish-logo-small.png\",\"width\":228,\"height\":100,\"caption\":\"Alufinish GmbH & Co. KG\"},\"image\":{\"@id\":\"https:\\\/\\\/alufinish.de\\\/#\\\/schema\\\/logo\\\/image\\\/\"}}]}<\/script>\n<!-- \/ Yoast SEO plugin. -->","yoast_head_json":{"title":"Newsletter - Alufinish","description":"Alufinish GmbH & Co.KG - Andernach - Oberfl\u00e4chenveredelung auf h\u00f6chstem Niveau","robots":{"index":"index","follow":"follow","max-snippet":"max-snippet:-1","max-image-preview":"max-image-preview:large","max-video-preview":"max-video-preview:-1"},"canonical":"https:\/\/alufinish.de\/en\/newsletter\/","og_locale":"en_US","og_type":"article","og_title":"Newsletter - Alufinish","og_description":"Alufinish GmbH & Co.KG - Andernach - Oberfl\u00e4chenveredelung auf h\u00f6chstem Niveau","og_url":"https:\/\/alufinish.de\/en\/newsletter\/","og_site_name":"Alufinish","article_modified_time":"2026-04-13T10:51:26+00:00","twitter_card":"summary_large_image","twitter_misc":{"Est. reading time":"1 minute"},"schema":{"@context":"https:\/\/schema.org","@graph":[{"@type":"WebPage","@id":"https:\/\/alufinish.de\/en\/newsletter\/","url":"https:\/\/alufinish.de\/en\/newsletter\/","name":"Newsletter - Alufinish","isPartOf":{"@id":"https:\/\/alufinish.de\/#website"},"datePublished":"2026-04-13T10:49:42+00:00","dateModified":"2026-04-13T10:51:26+00:00","description":"Alufinish GmbH & Co.KG - Andernach - Oberfl\u00e4chenveredelung auf h\u00f6chstem Niveau","breadcrumb":{"@id":"https:\/\/alufinish.de\/en\/newsletter\/#breadcrumb"},"inLanguage":"en-US","potentialAction":[{"@type":"ReadAction","target":["https:\/\/alufinish.de\/en\/newsletter\/"]}]},{"@type":"BreadcrumbList","@id":"https:\/\/alufinish.de\/en\/newsletter\/#breadcrumb","itemListElement":[{"@type":"ListItem","position":1,"name":"Home","item":"https:\/\/alufinish.de\/"},{"@type":"ListItem","position":2,"name":"Newsletter"}]},{"@type":"WebSite","@id":"https:\/\/alufinish.de\/#website","url":"https:\/\/alufinish.de\/","name":"Alufinish GmbH &amp; Co.KG","description":"Bauen auf Vertrauen - Build on trust","publisher":{"@id":"https:\/\/alufinish.de\/#organization"},"potentialAction":[{"@type":"SearchAction","target":{"@type":"EntryPoint","urlTemplate":"https:\/\/alufinish.de\/?s={search_term_string}"},"query-input":{"@type":"PropertyValueSpecification","valueRequired":true,"valueName":"search_term_string"}}],"inLanguage":"en-US"},{"@type":"Organization","@id":"https:\/\/alufinish.de\/#organization","name":"Alufinish GmbH & Co. KG","url":"https:\/\/alufinish.de\/","logo":{"@type":"ImageObject","inLanguage":"en-US","@id":"https:\/\/alufinish.de\/#\/schema\/logo\/image\/","url":"https:\/\/alufinish.de\/wp-content\/uploads\/2017\/04\/Alufinish-logo-small.png","contentUrl":"https:\/\/alufinish.de\/wp-content\/uploads\/2017\/04\/Alufinish-logo-small.png","width":228,"height":100,"caption":"Alufinish GmbH & Co. KG"},"image":{"@id":"https:\/\/alufinish.de\/#\/schema\/logo\/image\/"}}]}},"_links":{"self":[{"href":"https:\/\/alufinish.de\/en\/wp-json\/wp\/v2\/pages\/11161","targetHints":{"allow":["GET"]}}],"collection":[{"href":"https:\/\/alufinish.de\/en\/wp-json\/wp\/v2\/pages"}],"about":[{"href":"https:\/\/alufinish.de\/en\/wp-json\/wp\/v2\/types\/page"}],"author":[{"embeddable":true,"href":"https:\/\/alufinish.de\/en\/wp-json\/wp\/v2\/users\/10"}],"replies":[{"embeddable":true,"href":"https:\/\/alufinish.de\/en\/wp-json\/wp\/v2\/comments?post=11161"}],"version-history":[{"count":4,"href":"https:\/\/alufinish.de\/en\/wp-json\/wp\/v2\/pages\/11161\/revisions"}],"predecessor-version":[{"id":11165,"href":"https:\/\/alufinish.de\/en\/wp-json\/wp\/v2\/pages\/11161\/revisions\/11165"}],"wp:attachment":[{"href":"https:\/\/alufinish.de\/en\/wp-json\/wp\/v2\/media?parent=11161"}],"curies":[{"name":"wp","href":"https:\/\/api.w.org\/{rel}","templated":true}]}}