{"id":3872,"date":"2021-06-17T13:34:53","date_gmt":"2021-06-17T11:34:53","guid":{"rendered":"https:\/\/alufinish.de\/?page_id=3872"},"modified":"2025-02-26T17:31:35","modified_gmt":"2025-02-26T15:31:35","slug":"about","status":"publish","type":"page","link":"https:\/\/alufinish.de\/en\/about\/","title":{"rendered":"About us"},"content":{"rendered":"<p>[vc_row full_width=&#8221;stretch_row_content_no_spaces&#8221; parallax=&#8221;content-moving&#8221; parallax_image=&#8221;724&#8243;][vc_column][vc_empty_space height=&#8221;80&#8243;][vc_custom_heading text=&#8221;\u00dcber uns&#8221; font_container=&#8221;tag:h2|font_size:32|text_align:center|color:%230863ae&#8221; google_fonts=&#8221;font_family:Lato%3A100%2C100italic%2C300%2C300italic%2Cregular%2Citalic%2C700%2C700italic%2C900%2C900italic|font_style:700%20bold%20regular%3A700%3Anormal&#8221;][vc_empty_space height=&#8221;80&#8243;][\/vc_column][\/vc_row][vc_row][vc_column][vc_empty_space height=&#8221;80&#8243;][vc_column_text]<\/p>\n<h3><b>Sind Sie auf der Suche nach einem kompetenten Partner f\u00fcr die Oberfl\u00e4chenveredelung?<\/b><\/h3>\n<p>Sie kennen uns schon vom H\u00f6rensagen oder sind bereits unser Kunde und m\u00f6chten uns n\u00e4her kennen lernen? Dann nehmen Sie sich ein wenig Zeit f\u00fcr einen Lesestreifzug durch unser Unternehmen. Erfahren Sie etwas \u00fcber unsere Geschichte, unsere Mitarbeiter und unsere Philosophie. Lassen Sie sich \u00fcberzeugen von der Vielfalt und Qualit\u00e4t unserer Produkte. Machen Sie sich ein Bild. Sie werden sehen, es lohnt sich&#8230;[\/vc_column_text][vc_empty_space height=&#8221;20px&#8221;][vc_column_text]<strong>Dr. Nils Monreal und Stephan Zegers<\/strong><\/p>\n<p><span id=\"result_box\" class=\"short_text\" lang=\"de\"><span class=\"\">Gesch\u00e4ftsf\u00fchrer<\/span><\/span>[\/vc_column_text][\/vc_column][\/vc_row][vc_row el_id=&#8221;tradition-future&#8221;][vc_column][vc_empty_space height=&#8221;80px&#8221;][\/vc_column][\/vc_row][vc_row][vc_column width=&#8221;1\/2&#8243;][vc_column_text]<\/p>\n<h3>Tradition &amp; Zukunft<\/h3>\n<p>Die Alufinish GmbH &amp; Co. KG wurde 1972 gegr\u00fcndet.<\/p>\n<p>Seit damals besch\u00e4ftigen wir uns erfolgreich mit der Entwicklung, der Herstellung und dem Vertrieb von Produkten f\u00fcr die Oberfl\u00e4chenbehandlung von Metallen. Stand am Anfang die Oberfl\u00e4chenveredelung von Aluminium &#8211; und hier insbesondere die anodische Oxidation &#8211; im Vordergrund unserer Unternehmensaktivit\u00e4ten, so kamen im Laufe der letzten 40 Jahre zahlreiche Produkte zur Vorbehandlung anderer Metalle hinzu.<\/p>\n<p>Mit einem engagierten Team aus jung und alt und der richtigen Mischung aus Erfahrung und Tatendrang lassen wir Ihre W\u00fcnsche zu unserem Programm werden, deren Umsetzung zu unserer Aufgabe. Kompetente Mitarbeiter in allen Bereichen k\u00fcmmern sich um Ihre speziellen Anforderungen, mit einem offenen Ohr f\u00fcr Ihre W\u00fcnsche und dem Blick f\u00fcr das Wesentliche.<\/p>\n<p>Unser Service bringt den Unterschied.[\/vc_column_text][\/vc_column][vc_column width=&#8221;1\/2&#8243;][vc_single_image image=&#8221;2836&#8243; img_size=&#8221;full&#8221;][\/vc_column][\/vc_row][vc_row el_id=&#8221;partnership&#8221;][vc_column][vc_empty_space height=&#8221;80px&#8221;][\/vc_column][\/vc_row][vc_row][vc_column][vc_column_text]<\/p>\n<h3>Unsere Geschichte<\/h3>\n<p>[\/vc_column_text][vc_empty_space][vc_column_text][\/vc_column_text][\/vc_column][\/vc_row][vc_row][vc_column][vc_empty_space height=&#8221;80px&#8221;][\/vc_column][\/vc_row][vc_row][vc_column width=&#8221;1\/2&#8243;][vc_single_image image=&#8221;957&#8243; img_size=&#8221;large&#8221;][\/vc_column][vc_column width=&#8221;1\/2&#8243;][vc_column_text]<\/p>\n<h3>Nur gemeinsam erfolgreich: Partnerschaft<\/h3>\n<p>Wir sehen unsere Kunden, aber auch unsere Lieferanten als Partner.<\/p>\n<p>Jeder einzelne von Ihnen hat klare Vorstellungen von der Zusammenarbeit mit uns. Vorstellungen, denen wir gerecht werden wollen und das t\u00e4glich aufs Neue. Mit einem engmaschigen Netz an Au\u00dfendienstmitarbeitern, kompetenter Beratung von der Anlagenplanung bis hin zur Musterteilbearbeitung, der individuellen Produktentwicklung oder speziellen Lieferw\u00fcnschen.<\/p>\n<p>Mit Engagement und in enger Zusammenarbeit mit Ihnen arbeiten wir an individuellen L\u00f6sungen und beraten Sie kompetent von der ersten Idee bis hin zum fertigen Produkt, mit h\u00f6chsten Qualit\u00e4tsanspr\u00fcchen, die Sie \u00fcberzeugen werden.<\/p>\n<p>Wir m\u00f6chten Ihnen mehr sein als nur Lieferant von Chemikalien: ein Partner, auf den Sie sich vertrauensvoll verlassen k\u00f6nnen.[\/vc_column_text][\/vc_column][\/vc_row][vc_row el_id=&#8221;logistics&#8221;][vc_column][vc_empty_space height=&#8221;80px&#8221;][\/vc_column][\/vc_row][vc_row][vc_column][vc_column_text]<\/p>\n<h3>Ihr Vorsprung &#8211; Unsere Logistik<\/h3>\n<p>Unser System f\u00fcr schnellstm\u00f6glichen Warentransfer.<\/p>\n<p>F\u00fcr den Erfolg eines Unternehmens ist es immer wichtiger, schnell auf Kundenw\u00fcnsche reagieren zu k\u00f6nnen. \u201eOn Demand\u201c ist ein Schlagwort, das unsere Produktions- und Distributionszyklen bestimmt.<\/p>\n<p>Mit unseren gro\u00dfen Rohstoff- und Produktlagern k\u00f6nnen wir schnell auf die Bed\u00fcrfnisse des Marktes reagieren. Bedarfsoptimierte Produktions- und Abf\u00fcllprozesse, Lagerlogistik, reibungsloser Service und Just-in-Time Lieferung sind Schl\u00fcsselstellen in diesem Prozess.[\/vc_column_text][\/vc_column][\/vc_row][vc_row content_placement=&#8221;middle&#8221; income_row_font_color=&#8221;#ffffff&#8221; el_id=&#8221;environment&#8221;][vc_column][vc_empty_space height=&#8221;90px&#8221;][\/vc_column][\/vc_row][vc_row full_width=&#8221;stretch_row_content_no_spaces&#8221; content_placement=&#8221;middle&#8221; parallax=&#8221;content-moving&#8221; parallax_image=&#8221;635&#8243; income_row_font_color=&#8221;#ffffff&#8221;][vc_column][vc_empty_space height=&#8221;80px&#8221;][vc_column_text]<\/p>\n<h2 style=\"text-align: center;\"><span style=\"color: #ffffff;\">Umweltschutz in unserem Unternehmen<\/span><\/h2>\n<p>[\/vc_column_text][vc_empty_space height=&#8221;80px&#8221;][\/vc_column][\/vc_row][vc_row][vc_column][vc_empty_space height=&#8221;40px&#8221;][vc_column_text]<a name=\"umwelt\"><\/a><\/p>\n<h3>Die Einhaltung gesetzlicher Vorschriften und beh\u00f6rdlicher Auflagen zum Umweltschutz ist f\u00fcr uns selbstverst\u00e4ndlich.<\/h3>\n<p>Im Sinne einer nachhaltigen Entwicklung f\u00fchlen wir uns dar\u00fcber hinaus verpflichtet, den Umweltschutz sowohl in der Produktion als auch in unseren Produkten aktiv und st\u00e4ndig weiterzuentwickeln und so die Umweltbelastungen weiter zu verringern.<\/p>\n<p>Mit der Einf\u00fchrung und Aufrechterhaltung eines validierten und gem\u00e4\u00df DIN EN ISO 14001 zertifizierten Umweltmanagementsystems wurde der Umweltschutz im Unternehmen organisatorisch verankert.[\/vc_column_text][vc_empty_space height=&#8221;40px&#8221;][vc_tta_accordion active_section=&#8221;1&#8243;][vc_tta_section title=&#8221;Information der \u00d6ffentlichkeit gem\u00e4\u00df \u00a7 11 St\u00f6rfall-Verordnung&#8221; tab_id=&#8221;1502787454085-e23fac3f-8cc9&#8243;][vc_column_text]<\/p>\n<ul>\n<li><a href=\"https:\/\/alufinish.de\/wp-content\/uploads\/2020\/03\/F-167_Information-der-Oeffentlichkeit-\u00a711-StoerfallV-1.pdf\" target=\"_blank\" rel=\"noopener noreferrer\">Information \u00fcber Sicherheitsma\u00dfnahmen gem\u00e4\u00df \u00a7 11 St\u00f6rfall &#8211; Verordnung<\/a><\/li>\n<\/ul>\n<p>[\/vc_column_text][\/vc_tta_section][\/vc_tta_accordion][vc_empty_space][vc_column_text]<\/p>\n<h3>Zum Nutzen aller und f\u00fcr eine saubere Umwelt!<\/h3>\n<p>Derzeit stehen gro\u00dfe Ver\u00e4nderungen in der europ\u00e4ischen bzw. internationalen Gesetzgebung zum Chemikalienrecht an. Aufgrund der zum Teil betr\u00e4chtlichen Auswirkungen auf unsere Produkte m\u00f6chten wir Sie als Kunde an dieser Stelle gerne dar\u00fcber informieren.<\/p>\n<p>Zu folgenden aktuellen Themen finden Sie hier n\u00fctzliche Links zu weiteren Informationen:[\/vc_column_text][vc_empty_space][\/vc_column][\/vc_row][vc_row][vc_column][vc_tta_accordion][vc_tta_section title=&#8221;REACH und CLP&#8221; tab_id=&#8221;1501514191895-3b1e1811-563a&#8221;][vc_column_text]<\/p>\n<ul>\n<li><a href=\"https:\/\/www.echa.europa.eu\/de\/web\/guest\/home\" target=\"_blank\" rel=\"noopener noreferrer\"><strong>Hauptseite der ECHA (Europ\u00e4ische Chemikalienagentur) <\/strong><\/a><a href=\"https:\/\/www.echa.europa.eu\/de\/web\/guest\/home\" target=\"_blank\" rel=\"noopener noreferrer\">&#8212; <\/a><a href=\"https:\/\/www.echa.europa.eu\/de\/web\/guest\/home\" target=\"_blank\" rel=\"noopener noreferrer\">https:\/\/www.echa.europa.eu\/de\/web\/guest\/home<\/a><\/li>\n<li><a href=\"https:\/\/www.echa.europa.eu\/de\/information-on-chemicals\" target=\"_blank\" rel=\"noopener noreferrer\"><strong>Informationen \u00fcber Chemikalien<\/strong> &#8212; https:\/\/www.echa.europa.eu\/de\/information-on-chemicals<\/a><\/li>\n<li><a href=\"https:\/\/www.echa.europa.eu\/de\/candidate-list-table\" target=\"_blank\" rel=\"noopener noreferrer\"><strong>Kandidatenliste&nbsp; SVHC Stoffe<\/strong> &#8212; https:\/\/www.echa.europa.eu\/de\/candidate-list-table<\/a><\/li>\n<li><a href=\"https:\/\/www.reach-clp-biozid-helpdesk.de\/DE\/Home\/Home_node.html\" target=\"_blank\" rel=\"noopener noreferrer\"><strong>Der <abbr class=\"has-tip tip-bottom\" lang=\"en-GB\" title=\"\" xml:lang=\"en-GB\" data-tooltip=\"\" aria-haspopup=\"true\" data-selector=\"tooltip-k7gd0lba1\" aria-describedby=\"tooltip-k7gd0lba1\">REACH<\/abbr><span lang=\"en-GB\" xml:lang=\"en-GB\">&#8211;<\/span><abbr class=\"has-tip tip-bottom\" lang=\"en-GB\" title=\"\" xml:lang=\"en-GB\" data-tooltip=\"\" aria-haspopup=\"true\" data-selector=\"tooltip-k7gd0lba2\" aria-describedby=\"tooltip-k7gd0lba2\">CLP<\/abbr>-Biozid-Nanomaterialien <span lang=\"en-GB\" xml:lang=\"en-GB\">Helpdesk<\/span><\/strong> &#8212; https:\/\/www.reach-clp-biozid-helpdesk.de\/DE\/Home\/Home_node.html<\/a><\/li>\n<li><a href=\"https:\/\/jonesdayreach.com\/substances\/\" target=\"_blank\" rel=\"noopener noreferrer\"><strong>Infos zu GPS (III. Good Practice Sheets for Uses of Chromium Trioxide)<\/strong> &#8212; https:\/\/jonesdayreach.com\/substances\/<\/a><\/li>\n<\/ul>\n<p>[\/vc_tta_section][\/vc_tta_accordion][vc_empty_space]<\/p>\n\n\n<h3 class=\"wp-block-heading\">Alufinish setzt auf umweltfreundlichen Strom im Unternehmen<\/h3>\n\n\n\n<p>Um den positiven Trend zu mehr Klimaschutz zu unterst\u00fctzen, bezieht die Firma Alufinish GmbH &amp; Co.KG ihren Strom aus 100% erneuerbaren Energien und verbessert so ihren unternehmerischen CO<sub>2<\/sub>-Fu\u00dfabdruck. Bescheinigt wird der Einsatz f\u00fcr die Umwelt mit unserem Naturstrom-Zertifikat.<\/p>\n\n\n\n<div class=\"wp-block-image is-style-default\"><figure class=\"aligncenter size-large is-resized\"><a href=\"https:\/\/alufinish.de\/wp-content\/uploads\/2021\/03\/2021-03-30-08_24_34-Window.png\"><img loading=\"lazy\" decoding=\"async\" src=\"https:\/\/alufinish.de\/wp-content\/uploads\/2021\/03\/2021-03-30-08_24_34-Window.png\" alt=\"\" class=\"wp-image-3289\" width=\"317\" height=\"450\" srcset=\"https:\/\/alufinish.de\/wp-content\/uploads\/2021\/03\/2021-03-30-08_24_34-Window.png 697w, https:\/\/alufinish.de\/wp-content\/uploads\/2021\/03\/2021-03-30-08_24_34-Window-211x300.png 211w, https:\/\/alufinish.de\/wp-content\/uploads\/2021\/03\/2021-03-30-08_24_34-Window-480x682.png 480w\" sizes=\"auto, (max-width: 317px) 100vw, 317px\" \/><\/a><figcaption>Zertifikat <\/figcaption><\/figure><\/div>\n\n\n\n<p>[vc_empty_space][\/vc_column][\/vc_row]<\/p>\n","protected":false},"excerpt":{"rendered":"<p>[vc_row full_width=&#8221;stretch_row_content_no_spaces&#8221; parallax=&#8221;content-moving&#8221; parallax_image=&#8221;724&#8243;][vc_column][vc_empty_space height=&#8221;80&#8243;][vc_custom_heading text=&#8221;\u00dcber uns&#8221; font_container=&#8221;tag:h2|font_size:32|text_align:center|color:%230863ae&#8221; google_fonts=&#8221;font_family:Lato%3A100%2C100italic%2C300%2C300italic%2Cregular%2Citalic%2C700%2C700italic%2C900%2C900italic|font_style:700%20bold%20regular%3A700%3Anormal&#8221;][vc_empty_space height=&#8221;80&#8243;][\/vc_column][\/vc_row][vc_row][vc_column][vc_empty_space height=&#8221;80&#8243;][vc_column_text] Sind Sie auf der Suche nach einem kompetenten Partner f\u00fcr die Oberfl\u00e4chenveredelung? Sie kennen uns schon vom H\u00f6rensagen oder sind bereits unser Kunde und m\u00f6chten uns n\u00e4her kennen lernen? Dann nehmen Sie sich ein wenig Zeit f\u00fcr einen Lesestreifzug durch unser Unternehmen. Erfahren Sie [&hellip;]<\/p>\n","protected":false},"author":10,"featured_media":0,"parent":0,"menu_order":0,"comment_status":"closed","ping_status":"closed","template":"","meta":{"footnotes":""},"class_list":["post-3872","page","type-page","status-publish","hentry","post-wrapper","thrv_wrapper"],"yoast_head":"<!-- This site is optimized with the Yoast SEO plugin v27.1.1 - https:\/\/yoast.com\/product\/yoast-seo-wordpress\/ -->\n<title>About us - Alufinish<\/title>\n<meta name=\"description\" content=\"Alufinish GmbH &amp; Co.KG - Andernach - Oberfl\u00e4chenveredelung auf h\u00f6chstem Niveau\" \/>\n<meta name=\"robots\" content=\"index, follow, max-snippet:-1, max-image-preview:large, max-video-preview:-1\" \/>\n<link rel=\"canonical\" href=\"https:\/\/alufinish.de\/en\/about\/\" \/>\n<meta property=\"og:locale\" content=\"en_US\" \/>\n<meta property=\"og:type\" content=\"article\" \/>\n<meta property=\"og:title\" content=\"About us - Alufinish\" \/>\n<meta property=\"og:description\" content=\"Alufinish GmbH &amp; Co.KG - Andernach - Oberfl\u00e4chenveredelung auf h\u00f6chstem Niveau\" \/>\n<meta property=\"og:url\" content=\"https:\/\/alufinish.de\/en\/about\/\" \/>\n<meta property=\"og:site_name\" content=\"Alufinish\" \/>\n<meta property=\"article:modified_time\" content=\"2025-02-26T15:31:35+00:00\" \/>\n<meta property=\"og:image\" content=\"https:\/\/alufinish.de\/wp-content\/uploads\/2021\/03\/2021-03-30-08_24_34-Window.png\" \/>\n\t<meta property=\"og:image:width\" content=\"697\" \/>\n\t<meta property=\"og:image:height\" content=\"991\" \/>\n\t<meta property=\"og:image:type\" content=\"image\/png\" \/>\n<meta name=\"twitter:card\" content=\"summary_large_image\" \/>\n<meta name=\"twitter:label1\" content=\"Est. reading time\" \/>\n\t<meta name=\"twitter:data1\" content=\"4 minutes\" \/>\n<script type=\"application\/ld+json\" class=\"yoast-schema-graph\">{\"@context\":\"https:\/\/schema.org\",\"@graph\":[{\"@type\":\"WebPage\",\"@id\":\"https:\/\/alufinish.de\/en\/about\/\",\"url\":\"https:\/\/alufinish.de\/en\/about\/\",\"name\":\"About us - Alufinish\",\"isPartOf\":{\"@id\":\"https:\/\/alufinish.de\/#website\"},\"primaryImageOfPage\":{\"@id\":\"https:\/\/alufinish.de\/en\/about\/#primaryimage\"},\"image\":{\"@id\":\"https:\/\/alufinish.de\/en\/about\/#primaryimage\"},\"thumbnailUrl\":\"https:\/\/alufinish.de\/wp-content\/uploads\/2021\/03\/2021-03-30-08_24_34-Window.png\",\"datePublished\":\"2021-06-17T11:34:53+00:00\",\"dateModified\":\"2025-02-26T15:31:35+00:00\",\"description\":\"Alufinish GmbH & Co.KG - Andernach - Oberfl\u00e4chenveredelung auf h\u00f6chstem Niveau\",\"breadcrumb\":{\"@id\":\"https:\/\/alufinish.de\/en\/about\/#breadcrumb\"},\"inLanguage\":\"en-US\",\"potentialAction\":[{\"@type\":\"ReadAction\",\"target\":[\"https:\/\/alufinish.de\/en\/about\/\"]}]},{\"@type\":\"ImageObject\",\"inLanguage\":\"en-US\",\"@id\":\"https:\/\/alufinish.de\/en\/about\/#primaryimage\",\"url\":\"https:\/\/alufinish.de\/wp-content\/uploads\/2021\/03\/2021-03-30-08_24_34-Window.png\",\"contentUrl\":\"https:\/\/alufinish.de\/wp-content\/uploads\/2021\/03\/2021-03-30-08_24_34-Window.png\"},{\"@type\":\"BreadcrumbList\",\"@id\":\"https:\/\/alufinish.de\/en\/about\/#breadcrumb\",\"itemListElement\":[{\"@type\":\"ListItem\",\"position\":1,\"name\":\"Home\",\"item\":\"https:\/\/alufinish.de\/\"},{\"@type\":\"ListItem\",\"position\":2,\"name\":\"About us\"}]},{\"@type\":\"WebSite\",\"@id\":\"https:\/\/alufinish.de\/#website\",\"url\":\"https:\/\/alufinish.de\/\",\"name\":\"Alufinish GmbH &amp; Co.KG\",\"description\":\"Bauen auf Vertrauen - Build on trust\",\"publisher\":{\"@id\":\"https:\/\/alufinish.de\/#organization\"},\"potentialAction\":[{\"@type\":\"SearchAction\",\"target\":{\"@type\":\"EntryPoint\",\"urlTemplate\":\"https:\/\/alufinish.de\/?s={search_term_string}\"},\"query-input\":{\"@type\":\"PropertyValueSpecification\",\"valueRequired\":true,\"valueName\":\"search_term_string\"}}],\"inLanguage\":\"en-US\"},{\"@type\":\"Organization\",\"@id\":\"https:\/\/alufinish.de\/#organization\",\"name\":\"Alufinish GmbH & Co. KG\",\"url\":\"https:\/\/alufinish.de\/\",\"logo\":{\"@type\":\"ImageObject\",\"inLanguage\":\"en-US\",\"@id\":\"https:\/\/alufinish.de\/#\/schema\/logo\/image\/\",\"url\":\"https:\/\/alufinish.de\/wp-content\/uploads\/2017\/04\/Alufinish-logo-small.png\",\"contentUrl\":\"https:\/\/alufinish.de\/wp-content\/uploads\/2017\/04\/Alufinish-logo-small.png\",\"width\":228,\"height\":100,\"caption\":\"Alufinish GmbH & Co. KG\"},\"image\":{\"@id\":\"https:\/\/alufinish.de\/#\/schema\/logo\/image\/\"}}]}<\/script>\n<!-- \/ Yoast SEO plugin. -->","yoast_head_json":{"title":"About us - Alufinish","description":"Alufinish GmbH & Co.KG - Andernach - Oberfl\u00e4chenveredelung auf h\u00f6chstem Niveau","robots":{"index":"index","follow":"follow","max-snippet":"max-snippet:-1","max-image-preview":"max-image-preview:large","max-video-preview":"max-video-preview:-1"},"canonical":"https:\/\/alufinish.de\/en\/about\/","og_locale":"en_US","og_type":"article","og_title":"About us - Alufinish","og_description":"Alufinish GmbH & Co.KG - Andernach - Oberfl\u00e4chenveredelung auf h\u00f6chstem Niveau","og_url":"https:\/\/alufinish.de\/en\/about\/","og_site_name":"Alufinish","article_modified_time":"2025-02-26T15:31:35+00:00","og_image":[{"width":697,"height":991,"url":"https:\/\/alufinish.de\/wp-content\/uploads\/2021\/03\/2021-03-30-08_24_34-Window.png","type":"image\/png"}],"twitter_card":"summary_large_image","twitter_misc":{"Est. reading time":"4 minutes"},"schema":{"@context":"https:\/\/schema.org","@graph":[{"@type":"WebPage","@id":"https:\/\/alufinish.de\/en\/about\/","url":"https:\/\/alufinish.de\/en\/about\/","name":"About us - Alufinish","isPartOf":{"@id":"https:\/\/alufinish.de\/#website"},"primaryImageOfPage":{"@id":"https:\/\/alufinish.de\/en\/about\/#primaryimage"},"image":{"@id":"https:\/\/alufinish.de\/en\/about\/#primaryimage"},"thumbnailUrl":"https:\/\/alufinish.de\/wp-content\/uploads\/2021\/03\/2021-03-30-08_24_34-Window.png","datePublished":"2021-06-17T11:34:53+00:00","dateModified":"2025-02-26T15:31:35+00:00","description":"Alufinish GmbH & Co.KG - Andernach - Oberfl\u00e4chenveredelung auf h\u00f6chstem Niveau","breadcrumb":{"@id":"https:\/\/alufinish.de\/en\/about\/#breadcrumb"},"inLanguage":"en-US","potentialAction":[{"@type":"ReadAction","target":["https:\/\/alufinish.de\/en\/about\/"]}]},{"@type":"ImageObject","inLanguage":"en-US","@id":"https:\/\/alufinish.de\/en\/about\/#primaryimage","url":"https:\/\/alufinish.de\/wp-content\/uploads\/2021\/03\/2021-03-30-08_24_34-Window.png","contentUrl":"https:\/\/alufinish.de\/wp-content\/uploads\/2021\/03\/2021-03-30-08_24_34-Window.png"},{"@type":"BreadcrumbList","@id":"https:\/\/alufinish.de\/en\/about\/#breadcrumb","itemListElement":[{"@type":"ListItem","position":1,"name":"Home","item":"https:\/\/alufinish.de\/"},{"@type":"ListItem","position":2,"name":"About us"}]},{"@type":"WebSite","@id":"https:\/\/alufinish.de\/#website","url":"https:\/\/alufinish.de\/","name":"Alufinish GmbH &amp; Co.KG","description":"Bauen auf Vertrauen - Build on trust","publisher":{"@id":"https:\/\/alufinish.de\/#organization"},"potentialAction":[{"@type":"SearchAction","target":{"@type":"EntryPoint","urlTemplate":"https:\/\/alufinish.de\/?s={search_term_string}"},"query-input":{"@type":"PropertyValueSpecification","valueRequired":true,"valueName":"search_term_string"}}],"inLanguage":"en-US"},{"@type":"Organization","@id":"https:\/\/alufinish.de\/#organization","name":"Alufinish GmbH & Co. KG","url":"https:\/\/alufinish.de\/","logo":{"@type":"ImageObject","inLanguage":"en-US","@id":"https:\/\/alufinish.de\/#\/schema\/logo\/image\/","url":"https:\/\/alufinish.de\/wp-content\/uploads\/2017\/04\/Alufinish-logo-small.png","contentUrl":"https:\/\/alufinish.de\/wp-content\/uploads\/2017\/04\/Alufinish-logo-small.png","width":228,"height":100,"caption":"Alufinish GmbH & Co. KG"},"image":{"@id":"https:\/\/alufinish.de\/#\/schema\/logo\/image\/"}}]}},"_links":{"self":[{"href":"https:\/\/alufinish.de\/en\/wp-json\/wp\/v2\/pages\/3872","targetHints":{"allow":["GET"]}}],"collection":[{"href":"https:\/\/alufinish.de\/en\/wp-json\/wp\/v2\/pages"}],"about":[{"href":"https:\/\/alufinish.de\/en\/wp-json\/wp\/v2\/types\/page"}],"author":[{"embeddable":true,"href":"https:\/\/alufinish.de\/en\/wp-json\/wp\/v2\/users\/10"}],"replies":[{"embeddable":true,"href":"https:\/\/alufinish.de\/en\/wp-json\/wp\/v2\/comments?post=3872"}],"version-history":[{"count":28,"href":"https:\/\/alufinish.de\/en\/wp-json\/wp\/v2\/pages\/3872\/revisions"}],"predecessor-version":[{"id":10271,"href":"https:\/\/alufinish.de\/en\/wp-json\/wp\/v2\/pages\/3872\/revisions\/10271"}],"wp:attachment":[{"href":"https:\/\/alufinish.de\/en\/wp-json\/wp\/v2\/media?parent=3872"}],"curies":[{"name":"wp","href":"https:\/\/api.w.org\/{rel}","templated":true}]}}