{"id":5958,"date":"2022-09-15T11:05:53","date_gmt":"2022-09-15T09:05:53","guid":{"rendered":"https:\/\/alufinish.de\/?page_id=5958"},"modified":"2024-01-30T13:10:40","modified_gmt":"2024-01-30T11:10:40","slug":"chromium-free-in-vertical-plants","status":"publish","type":"page","link":"https:\/\/alufinish.de\/en\/chromium-free-in-vertical-plants\/","title":{"rendered":"Chromium free in vertical plants"},"content":{"rendered":"<h1>Chromfrei in Vertikalanlagen<\/h1>\n<p>ENVIROX &#8211; Verfahren seit 2005 im Einsatz<\/p>\n<h2 style=\"text-align: center;\">Chromfreie Vorbehandlung in Vertikalanlagen \u2013 &nbsp;langj\u00e4hrige Erfahrungen<\/h2>\n<p>Als im Jahr 2005 die erste Vertikalanlage mit einem chromfreien ENVIROX \u2013 Verfahren von Alufinish in Betrieb ging, war das auch gleich etwas Besonderes. Neben der bekannten Spritztechnologie kam damals in einer Anlage in Griechenland erstmal die Schwalltechnologie zum Einsatz. Bei diesem Verfahren wird die Oberfl\u00e4che nicht mit der Vorbehandlungschemie bespr\u00fcht, sondern flie\u00dft von oben nach unten (\u201eWasserfall\u201c &#8211; Prinzip) \u00fcber die Materialoberfl\u00e4che und erm\u00f6glicht so eine Reinigung und Beizung, sowie den entsprechenden Korrosionsschutz. In den Folgejahren kamen zahlreiche Vertikalanlagen mit Spritztechnologie, kombinierter Spritz- und Schwalltechnologie, sowie ausschlie\u00dflich Schwalltechnologie hinzu. Bis heute hat sich die Kombination aus chromfreien ENVIROX \u2013 Vorbehandlungsverfahren und vertikaler Applikationstechnik von Profilen auf dem internationalen Markt etabliert. Als geeignete Korrosionsschutzsysteme bieten sich hier insbesondere das chromfreie ENVIROX NR- und das ENVIROX S \u2013 Verfahren f\u00fcr Aluminium-Oberfl\u00e4chen an.<\/p>\n<h3 style=\"\">Vorteile:<\/h3>\n<p>Exzellenter, chromfreier Korrosionsschutz auf Aluminiumoberfl\u00e4chen vor dem Pulverlackieren<\/p>\n<p>Kontinuierliche Fahrweise f\u00fcr Aluminiumprofile bei gleichzeitig hohem Warendurchsatz<\/p>\n<p>Variabel einsetzbar im Spritzen, Schwallen oder in Kombinationsverfahren<\/p>\n<p>Wahlweiser Einsatz von \u201eNo-Rinse\u201c (ENVIROX NR) oder \u201eRinse\u201c (ENVIROX S) &#8211; Verfahren<\/p>\n<p>Langj\u00e4hrig erprobte und von den Qualit\u00e4tsgemeinschaften zugelassene Korrosionsschutzverfahren<\/p>\n<p>Automatisierte Anlagentechnik m\u00f6glich<\/p>\n<h2 style=\"color: var(--tcb-skin-color-21)  !important; --tcb-applied-color: var$(--tcb-skin-color-21)  !important;\">Farbloser, aber einfach nachzuweisender Korrosionsschutz<\/h2>\n<p style=\"\">Auch wenn farblose Schichten erzeugt werden, lassen sich diese sowohl qualitativ als auch quantitativ leicht nachweisen.&nbsp; &nbsp; &nbsp; &nbsp; &nbsp; &nbsp; &nbsp; &nbsp; &nbsp; &nbsp; &nbsp; *VE = vollentsalztes Wasser<\/p>\n<h3>Beispiel \u2013 Vertikale Spritzanlage mit alkalischer + saurer Vorbehandlung<\/h3>\n","protected":false},"excerpt":{"rendered":"<p>Chromfrei in Vertikalanlagen ENVIROX &#8211; Verfahren seit 2005 im Einsatz Chromfreie Vorbehandlung in Vertikalanlagen \u2013 &nbsp;langj\u00e4hrige Erfahrungen Als im Jahr 2005 die erste Vertikalanlage mit einem chromfreien ENVIROX \u2013 Verfahren von Alufinish in Betrieb ging, war das auch gleich etwas Besonderes. Neben der bekannten Spritztechnologie kam damals in einer Anlage in Griechenland erstmal die Schwalltechnologie [&hellip;]<\/p>\n","protected":false},"author":10,"featured_media":0,"parent":0,"menu_order":0,"comment_status":"closed","ping_status":"closed","template":"","meta":{"footnotes":""},"class_list":["post-5958","page","type-page","status-publish","hentry","post-wrapper","thrv_wrapper"],"yoast_head":"<!-- This site is optimized with the Yoast SEO plugin v27.3 - https:\/\/yoast.com\/product\/yoast-seo-wordpress\/ -->\n<title>Chromium free in vertical plants - Alufinish<\/title>\n<meta name=\"description\" content=\"Alufinish GmbH &amp; Co.KG - Andernach - Oberfl\u00e4chenveredelung auf h\u00f6chstem Niveau\" \/>\n<meta name=\"robots\" content=\"noindex, nofollow\" \/>\n<meta property=\"og:locale\" content=\"en_US\" \/>\n<meta property=\"og:type\" content=\"article\" \/>\n<meta property=\"og:title\" content=\"Chromium free in vertical plants - Alufinish\" \/>\n<meta property=\"og:description\" content=\"Alufinish GmbH &amp; Co.KG - Andernach - Oberfl\u00e4chenveredelung auf h\u00f6chstem Niveau\" \/>\n<meta property=\"og:url\" content=\"https:\/\/alufinish.de\/en\/chromium-free-in-vertical-plants\/\" \/>\n<meta property=\"og:site_name\" content=\"Alufinish\" \/>\n<meta property=\"article:modified_time\" content=\"2024-01-30T11:10:40+00:00\" \/>\n<meta name=\"twitter:card\" content=\"summary_large_image\" \/>\n<meta name=\"twitter:label1\" content=\"Est. reading time\" \/>\n\t<meta name=\"twitter:data1\" content=\"3 minutes\" \/>\n<script type=\"application\/ld+json\" class=\"yoast-schema-graph\">{\"@context\":\"https:\\\/\\\/schema.org\",\"@graph\":[{\"@type\":\"WebPage\",\"@id\":\"https:\\\/\\\/alufinish.de\\\/en\\\/chromium-free-in-vertical-plants\\\/\",\"url\":\"https:\\\/\\\/alufinish.de\\\/en\\\/chromium-free-in-vertical-plants\\\/\",\"name\":\"Chromium free in vertical plants - Alufinish\",\"isPartOf\":{\"@id\":\"https:\\\/\\\/alufinish.de\\\/#website\"},\"datePublished\":\"2022-09-15T09:05:53+00:00\",\"dateModified\":\"2024-01-30T11:10:40+00:00\",\"description\":\"Alufinish GmbH & Co.KG - Andernach - Oberfl\u00e4chenveredelung auf h\u00f6chstem Niveau\",\"breadcrumb\":{\"@id\":\"https:\\\/\\\/alufinish.de\\\/en\\\/chromium-free-in-vertical-plants\\\/#breadcrumb\"},\"inLanguage\":\"en-US\",\"potentialAction\":[{\"@type\":\"ReadAction\",\"target\":[\"https:\\\/\\\/alufinish.de\\\/en\\\/chromium-free-in-vertical-plants\\\/\"]}]},{\"@type\":\"BreadcrumbList\",\"@id\":\"https:\\\/\\\/alufinish.de\\\/en\\\/chromium-free-in-vertical-plants\\\/#breadcrumb\",\"itemListElement\":[{\"@type\":\"ListItem\",\"position\":1,\"name\":\"Home\",\"item\":\"https:\\\/\\\/alufinish.de\\\/\"},{\"@type\":\"ListItem\",\"position\":2,\"name\":\"Chromium free in vertical plants\"}]},{\"@type\":\"WebSite\",\"@id\":\"https:\\\/\\\/alufinish.de\\\/#website\",\"url\":\"https:\\\/\\\/alufinish.de\\\/\",\"name\":\"Alufinish GmbH &amp; Co.KG\",\"description\":\"Bauen auf Vertrauen - Build on trust\",\"publisher\":{\"@id\":\"https:\\\/\\\/alufinish.de\\\/#organization\"},\"potentialAction\":[{\"@type\":\"SearchAction\",\"target\":{\"@type\":\"EntryPoint\",\"urlTemplate\":\"https:\\\/\\\/alufinish.de\\\/?s={search_term_string}\"},\"query-input\":{\"@type\":\"PropertyValueSpecification\",\"valueRequired\":true,\"valueName\":\"search_term_string\"}}],\"inLanguage\":\"en-US\"},{\"@type\":\"Organization\",\"@id\":\"https:\\\/\\\/alufinish.de\\\/#organization\",\"name\":\"Alufinish GmbH & Co. KG\",\"url\":\"https:\\\/\\\/alufinish.de\\\/\",\"logo\":{\"@type\":\"ImageObject\",\"inLanguage\":\"en-US\",\"@id\":\"https:\\\/\\\/alufinish.de\\\/#\\\/schema\\\/logo\\\/image\\\/\",\"url\":\"https:\\\/\\\/alufinish.de\\\/wp-content\\\/uploads\\\/2017\\\/04\\\/Alufinish-logo-small.png\",\"contentUrl\":\"https:\\\/\\\/alufinish.de\\\/wp-content\\\/uploads\\\/2017\\\/04\\\/Alufinish-logo-small.png\",\"width\":228,\"height\":100,\"caption\":\"Alufinish GmbH & Co. KG\"},\"image\":{\"@id\":\"https:\\\/\\\/alufinish.de\\\/#\\\/schema\\\/logo\\\/image\\\/\"}}]}<\/script>\n<!-- \/ Yoast SEO plugin. -->","yoast_head_json":{"title":"Chromium free in vertical plants - Alufinish","description":"Alufinish GmbH & Co.KG - Andernach - Oberfl\u00e4chenveredelung auf h\u00f6chstem Niveau","robots":{"index":"noindex","follow":"nofollow"},"og_locale":"en_US","og_type":"article","og_title":"Chromium free in vertical plants - Alufinish","og_description":"Alufinish GmbH & Co.KG - Andernach - Oberfl\u00e4chenveredelung auf h\u00f6chstem Niveau","og_url":"https:\/\/alufinish.de\/en\/chromium-free-in-vertical-plants\/","og_site_name":"Alufinish","article_modified_time":"2024-01-30T11:10:40+00:00","twitter_card":"summary_large_image","twitter_misc":{"Est. reading time":"3 minutes"},"schema":{"@context":"https:\/\/schema.org","@graph":[{"@type":"WebPage","@id":"https:\/\/alufinish.de\/en\/chromium-free-in-vertical-plants\/","url":"https:\/\/alufinish.de\/en\/chromium-free-in-vertical-plants\/","name":"Chromium free in vertical plants - Alufinish","isPartOf":{"@id":"https:\/\/alufinish.de\/#website"},"datePublished":"2022-09-15T09:05:53+00:00","dateModified":"2024-01-30T11:10:40+00:00","description":"Alufinish GmbH & Co.KG - Andernach - Oberfl\u00e4chenveredelung auf h\u00f6chstem Niveau","breadcrumb":{"@id":"https:\/\/alufinish.de\/en\/chromium-free-in-vertical-plants\/#breadcrumb"},"inLanguage":"en-US","potentialAction":[{"@type":"ReadAction","target":["https:\/\/alufinish.de\/en\/chromium-free-in-vertical-plants\/"]}]},{"@type":"BreadcrumbList","@id":"https:\/\/alufinish.de\/en\/chromium-free-in-vertical-plants\/#breadcrumb","itemListElement":[{"@type":"ListItem","position":1,"name":"Home","item":"https:\/\/alufinish.de\/"},{"@type":"ListItem","position":2,"name":"Chromium free in vertical plants"}]},{"@type":"WebSite","@id":"https:\/\/alufinish.de\/#website","url":"https:\/\/alufinish.de\/","name":"Alufinish GmbH &amp; Co.KG","description":"Bauen auf Vertrauen - Build on trust","publisher":{"@id":"https:\/\/alufinish.de\/#organization"},"potentialAction":[{"@type":"SearchAction","target":{"@type":"EntryPoint","urlTemplate":"https:\/\/alufinish.de\/?s={search_term_string}"},"query-input":{"@type":"PropertyValueSpecification","valueRequired":true,"valueName":"search_term_string"}}],"inLanguage":"en-US"},{"@type":"Organization","@id":"https:\/\/alufinish.de\/#organization","name":"Alufinish GmbH & Co. KG","url":"https:\/\/alufinish.de\/","logo":{"@type":"ImageObject","inLanguage":"en-US","@id":"https:\/\/alufinish.de\/#\/schema\/logo\/image\/","url":"https:\/\/alufinish.de\/wp-content\/uploads\/2017\/04\/Alufinish-logo-small.png","contentUrl":"https:\/\/alufinish.de\/wp-content\/uploads\/2017\/04\/Alufinish-logo-small.png","width":228,"height":100,"caption":"Alufinish GmbH & Co. KG"},"image":{"@id":"https:\/\/alufinish.de\/#\/schema\/logo\/image\/"}}]}},"_links":{"self":[{"href":"https:\/\/alufinish.de\/en\/wp-json\/wp\/v2\/pages\/5958","targetHints":{"allow":["GET"]}}],"collection":[{"href":"https:\/\/alufinish.de\/en\/wp-json\/wp\/v2\/pages"}],"about":[{"href":"https:\/\/alufinish.de\/en\/wp-json\/wp\/v2\/types\/page"}],"author":[{"embeddable":true,"href":"https:\/\/alufinish.de\/en\/wp-json\/wp\/v2\/users\/10"}],"replies":[{"embeddable":true,"href":"https:\/\/alufinish.de\/en\/wp-json\/wp\/v2\/comments?post=5958"}],"version-history":[{"count":16,"href":"https:\/\/alufinish.de\/en\/wp-json\/wp\/v2\/pages\/5958\/revisions"}],"predecessor-version":[{"id":7715,"href":"https:\/\/alufinish.de\/en\/wp-json\/wp\/v2\/pages\/5958\/revisions\/7715"}],"wp:attachment":[{"href":"https:\/\/alufinish.de\/en\/wp-json\/wp\/v2\/media?parent=5958"}],"curies":[{"name":"wp","href":"https:\/\/api.w.org\/{rel}","templated":true}]}}